{"id":9,"date":"2016-05-25T00:41:46","date_gmt":"2016-05-24T21:41:46","guid":{"rendered":"https:\/\/glopas.com\/fi\/?page_id=9"},"modified":"2023-08-09T18:39:52","modified_gmt":"2023-08-09T15:39:52","slug":"ukk","status":"publish","type":"page","link":"https:\/\/glopas.com\/fi\/ukk\/","title":{"rendered":"UKK"},"content":{"rendered":"<p><span style=\"font-size: inherit;\">Glopasin k\u00e4ytt\u00f6 on yksinkertaista. Avattuasi sovelluksen valitset vain sinua kiinnostavan reittikokoelman, jonka j\u00e4lkeen avautuu karttan\u00e4kym\u00e4 opastuspisteineen. Liikut vain niit\u00e4 kohti ja \u00e4\u00e4niopastus alkaa automaattisesti. Olemme listanneet t\u00e4h\u00e4n vastauksen muutamiin kysymyksiin, jotka saattavat askarruttaa sinua.\u00a0<\/span><\/p>\n<p><strong>Q<\/strong>: Ladattuani Glopas-sovelluksen, se kysyy lupaa k\u00e4ytt\u00e4\u00e4 sijaintiani, kuviani jne. Miten Glopas k\u00e4ytt\u00e4\u00e4 n\u00e4it\u00e4 tietoja?<\/p>\n<p><strong>A<\/strong>: Glopas tarvitsee paikkatietosi voidakseen k\u00e4ynnist\u00e4\u00e4 opastukset oikeassa paikassa. Se k\u00e4ytt\u00e4\u00e4 mikrofonia ja kuvia ainoastaan sis\u00e4ll\u00f6ntuotannon tekemiseen k\u00e4ytt\u00e4jill\u00e4, joille on ostettu oikeus tuottaa Glopakseen reittej\u00e4.<\/p>\n<p><strong>Q:\u00a0<\/strong>Voiko Glopasta k\u00e4ytt\u00e4\u00e4 ilman datayhteytt\u00e4 &#8220;offline-tilassa&#8221;?<\/p>\n<p><strong>A<\/strong>: Kyll\u00e4. Yhdist\u00e4 laitteesi wifi:n ja avaa Glopas. Se lataa valitsemasi reittikokoelman ja kun kartalla olevat pisteet muuttuvat oransseiksi, voit l\u00e4hte\u00e4 kierrokselle laitteesi ollessa offline-tilassa.<\/p>\n<p><strong>Q<\/strong>: Mite l\u00f6yd\u00e4n eri opastettujen reittien kieliversiot ?<\/p>\n<p><strong>A<\/strong>: N\u00e4et sen reittikokoelman oikeassa yl\u00e4kulmassa olevasta lyhenteest\u00e4 esim. fi, sw tai en. Sovelluksessa on my\u00f6s hakutoiminto. Suurennuslasia painamalla saat n\u00e4kyviin hakuvalikon, johon voit kirjoittaa haluamasi kielen lyhenteen, esim. en englannin kielest\u00e4. L\u00e4heiset englanninkieliset reitit n\u00e4kyv\u00e4t hakutuloksissa mik\u00e4li niit\u00e4 on tehty.<\/p>\n","protected":false},"excerpt":{"rendered":"<p>Glopasin k\u00e4ytt\u00f6 on yksinkertaista. Avattuasi sovelluksen valitset vain sinua kiinnostavan reittikokoelman, jonka j\u00e4lkeen avautuu karttan\u00e4kym\u00e4 opastuspisteineen. Liikut vain niit\u00e4 kohti ja \u00e4\u00e4niopastus alkaa automaattisesti. Olemme listanneet t\u00e4h\u00e4n vastauksen muutamiin kysymyksiin, jotka saattavat askarruttaa sinua.\u00a0 Q: Ladattuani Glopas-sovelluksen, se kysyy lupaa k\u00e4ytt\u00e4\u00e4 sijaintiani, kuviani jne. Miten Glopas k\u00e4ytt\u00e4\u00e4 n\u00e4it\u00e4 tietoja? A: Glopas tarvitsee paikkatietosi voidakseen k\u00e4ynnist\u00e4\u00e4 opastukset oikeassa paikassa. Se k\u00e4ytt\u00e4\u00e4 mikrofonia ja kuvia ainoastaan sis\u00e4ll\u00f6ntuotannon tekemiseen k\u00e4ytt\u00e4jill\u00e4, joille on ostettu oikeus tuottaa Glopakseen reittej\u00e4. Q:\u00a0Voiko Glopasta k\u00e4ytt\u00e4\u00e4 ilman datayhteytt\u00e4 &#8220;offline-tilassa&#8221;? A: Kyll\u00e4. Yhdist\u00e4 laitteesi wifi:n ja avaa Glopas. Se lataa valitsemasi reittikokoelman ja kun kartalla olevat pisteet muuttuvat oransseiksi, voit [&hellip;]<\/p>\n","protected":false},"author":2,"featured_media":0,"parent":0,"menu_order":0,"comment_status":"closed","ping_status":"closed","template":"","meta":{"_mi_skip_tracking":false,"_exactmetrics_sitenote_active":false,"_exactmetrics_sitenote_note":"","_exactmetrics_sitenote_category":0,"footnotes":""},"class_list":["post-9","page","type-page","status-publish","hentry"],"_links":{"self":[{"href":"https:\/\/glopas.com\/fi\/wp-json\/wp\/v2\/pages\/9","targetHints":{"allow":["GET"]}}],"collection":[{"href":"https:\/\/glopas.com\/fi\/wp-json\/wp\/v2\/pages"}],"about":[{"href":"https:\/\/glopas.com\/fi\/wp-json\/wp\/v2\/types\/page"}],"author":[{"embeddable":true,"href":"https:\/\/glopas.com\/fi\/wp-json\/wp\/v2\/users\/2"}],"replies":[{"embeddable":true,"href":"https:\/\/glopas.com\/fi\/wp-json\/wp\/v2\/comments?post=9"}],"version-history":[{"count":4,"href":"https:\/\/glopas.com\/fi\/wp-json\/wp\/v2\/pages\/9\/revisions"}],"predecessor-version":[{"id":494,"href":"https:\/\/glopas.com\/fi\/wp-json\/wp\/v2\/pages\/9\/revisions\/494"}],"wp:attachment":[{"href":"https:\/\/glopas.com\/fi\/wp-json\/wp\/v2\/media?parent=9"}],"curies":[{"name":"wp","href":"https:\/\/api.w.org\/{rel}","templated":true}]}}