{"id":538,"date":"2021-12-21T00:36:47","date_gmt":"2021-12-20T22:36:47","guid":{"rendered":"https:\/\/glopas.com\/fi\/?page_id=538"},"modified":"2023-08-09T18:44:39","modified_gmt":"2023-08-09T15:44:39","slug":"saavutettavuusseloste","status":"publish","type":"page","link":"https:\/\/glopas.com\/fi\/saavutettavuusseloste\/","title":{"rendered":"Glopas-\u00e4\u00e4niopastuspalvelun saavutettavuusseloste"},"content":{"rendered":"\n<p>T\u00e4m\u00e4 saavutettavuusseloste koskee palvelua https:\/\/www.glopas.com ja on laadittu \/ p\u00e4ivitetty 20.12.2021. Palvelua koskee laki digitaalisten palvelujen tarjoamisesta, jossa edellytet\u00e4\u00e4n, ett\u00e4 julkisten verkkopalvelujen on oltava saavutettavia.<\/p>\n\n\n\n<p>Olemme arvioineet palvelun saavutettavuuden itse.<\/p>\n\n\n\n<p><strong>Digipalvelun saavutettavuuden tila<\/strong><\/p>\n\n\n\n<p><strong>T\u00e4ytt\u00e4\u00e4 saavutettavuusvaatimukset osittain.<\/strong><\/p>\n\n\n\n<p><strong>Ei-saavutettava sis\u00e4lt\u00f6<\/strong><\/p>\n\n\n\n<p><strong>1. Ei kuulu lains\u00e4\u00e4d\u00e4nn\u00f6n piiriin<\/strong><\/p>\n\n\n\n<ul class=\"wp-block-list\">\n<li>k\u00e4ytt\u00e4jien tai muiden ulkopuolisten tahojen palvelussa julkaisemia sis\u00e4lt\u00f6j\u00e4, jotka eiv\u00e4t ole palveluntarjoajan itsens\u00e4 tuottamia, rahoittamia tai valvomia<\/li>\n\n\n\n<li>kulttuuriperint\u00f6kokoelmien teosten ilmentymi\u00e4, joita ei voida muuttaa saavutettavuusvaatimukset t\u00e4ytt\u00e4v\u00e4\u00e4n muotoon<\/li>\n\n\n\n<li>karttoja, joita ei ole tarkoitettu navigointik\u00e4ytt\u00f6\u00f6n (esim. s\u00e4\u00e4- tai maastokarttoja)<\/li>\n\n\n\n<li>verkkosis\u00e4lt\u00f6\u00f6n, joka on arkistoitu ennen 23.9.2019<\/li>\n\n\n\n<li>video- tai \u00e4\u00e4nitallenteita, jotka on julkaistu ennen 23.9.2020<\/li>\n<\/ul>\n\n\n\n<p>Sis\u00e4ll\u00f6ntuottajana toimii kolmas osapuoli, tilaaja, joka voi halutessaan tuottaa \u00e4\u00e4niopastettuihin kohteisiin lyhyen tekstin, sek\u00e4 linkitt\u00e4\u00e4 pidemp\u00e4\u00e4n kattavaan tekstiin nettisivuilla.<\/p>\n\n\n\n<p><strong>Huomasitko saavutettavuuspuutteen digipalvelussamme? Kerro se meille ja teemme parhaamme puutteen korjaamiseksi<\/strong><\/p>\n\n\n\n<p><strong>S\u00e4hk\u00f6postilla<\/strong>:<\/p>\n\n\n\n<p>service@glopas.com<\/p>\n\n\n\n<p><strong>Valvontaviranomainen<\/strong><\/p>\n\n\n\n<p>Jos huomaat sivustolla saavutettavuusongelmia, anna ensin palautetta meille eli sivuston yll\u00e4pit\u00e4j\u00e4lle. Vastauksessa voi menn\u00e4 14 p\u00e4iv\u00e4\u00e4. Jos et ole tyytyv\u00e4inen saamaasi vastaukseen tai et saa vastausta lainkaan kahden viikon aikana, voit tehd\u00e4 ilmoituksen Etel\u00e4-Suomen aluehallintovirastoon Avautuu uuteen ikkunaan. Etel\u00e4-Suomen aluehallintoviraston sivulla kerrotaan tarkasti, miten ilmoituksen voi tehd\u00e4 ja miten asia k\u00e4sitell\u00e4\u00e4n.<\/p>\n\n\n\n<p>Valvontaviranomaisen yhteystiedot<\/p>\n\n\n\n<p>Etel\u00e4-Suomen aluehallintovirasto<\/p>\n\n\n\n<p>Saavutettavuuden valvonnan yksikk\u00f6<\/p>\n\n\n\n<p>www.saavutettavuusvaatimukset.fi<\/p>\n\n\n\n<p>saavutettavuus(at)avi.fi<\/p>\n\n\n\n<p>puhelinnumero vaihde 0295 016 000<\/p>\n\n\n\n<p><strong>Olemme sitoutuneet digipalveluiden saavutettavuuden parantamiseen<\/strong><\/p>\n\n\n\n<p>Glopas-\u00e4\u00e4niopastussovellus on suunniteltu \u00e4\u00e4niopastuksia varten, jossa kolmas osapuoli voi tuottaa \u00e4\u00e4niopastuksia erilaisille reiteille, tyypillisesti matkailutarkoitukseen. Sis\u00e4ll\u00f6ntuottajilla on mahdollisuus tehd\u00e4 opastettaviin kohteisiin my\u00f6s lyhyet tekstitykset tai saada ne mukavammin n\u00e4kyville linkitettyin\u00e4 esimerkiksi nettisivuillaan. Glopas-sovelluksen nettisivustolla ei n\u00e4it\u00e4 sis\u00e4lt\u00f6j\u00e4 esitell\u00e4 toistaiseksi lainkaan vaan toiminnot ovat mobiilisovelluksessa.<\/p>\n\n\n\n<p>T\u00e4m\u00e4 verkkosivusto\/sovellus on julkaistu<\/p>\n\n\n\n<p>15.11.2016<\/p>\n","protected":false},"excerpt":{"rendered":"<p>T\u00e4m\u00e4 saavutettavuusseloste koskee palvelua https:\/\/www.glopas.com ja on laadittu \/ p\u00e4ivitetty 20.12.2021. Palvelua koskee laki digitaalisten palvelujen tarjoamisesta, jossa edellytet\u00e4\u00e4n, ett\u00e4 julkisten verkkopalvelujen on oltava saavutettavia. Olemme arvioineet palvelun saavutettavuuden itse. Digipalvelun saavutettavuuden tila T\u00e4ytt\u00e4\u00e4 saavutettavuusvaatimukset osittain. Ei-saavutettava sis\u00e4lt\u00f6 1. Ei kuulu lains\u00e4\u00e4d\u00e4nn\u00f6n piiriin Sis\u00e4ll\u00f6ntuottajana toimii kolmas osapuoli, tilaaja, joka voi halutessaan tuottaa \u00e4\u00e4niopastettuihin kohteisiin lyhyen tekstin, sek\u00e4 linkitt\u00e4\u00e4 pidemp\u00e4\u00e4n kattavaan tekstiin nettisivuilla. Huomasitko saavutettavuuspuutteen digipalvelussamme? Kerro se meille ja teemme parhaamme puutteen korjaamiseksi S\u00e4hk\u00f6postilla: service@glopas.com Valvontaviranomainen Jos huomaat sivustolla saavutettavuusongelmia, anna ensin palautetta meille eli sivuston yll\u00e4pit\u00e4j\u00e4lle. Vastauksessa voi menn\u00e4 14 p\u00e4iv\u00e4\u00e4. Jos et ole tyytyv\u00e4inen saamaasi vastaukseen tai et [&hellip;]<\/p>\n","protected":false},"author":2,"featured_media":0,"parent":0,"menu_order":0,"comment_status":"closed","ping_status":"closed","template":"","meta":{"_mi_skip_tracking":false,"_exactmetrics_sitenote_active":false,"_exactmetrics_sitenote_note":"","_exactmetrics_sitenote_category":0,"footnotes":""},"class_list":["post-538","page","type-page","status-publish","hentry"],"_links":{"self":[{"href":"https:\/\/glopas.com\/fi\/wp-json\/wp\/v2\/pages\/538","targetHints":{"allow":["GET"]}}],"collection":[{"href":"https:\/\/glopas.com\/fi\/wp-json\/wp\/v2\/pages"}],"about":[{"href":"https:\/\/glopas.com\/fi\/wp-json\/wp\/v2\/types\/page"}],"author":[{"embeddable":true,"href":"https:\/\/glopas.com\/fi\/wp-json\/wp\/v2\/users\/2"}],"replies":[{"embeddable":true,"href":"https:\/\/glopas.com\/fi\/wp-json\/wp\/v2\/comments?post=538"}],"version-history":[{"count":3,"href":"https:\/\/glopas.com\/fi\/wp-json\/wp\/v2\/pages\/538\/revisions"}],"predecessor-version":[{"id":570,"href":"https:\/\/glopas.com\/fi\/wp-json\/wp\/v2\/pages\/538\/revisions\/570"}],"wp:attachment":[{"href":"https:\/\/glopas.com\/fi\/wp-json\/wp\/v2\/media?parent=538"}],"curies":[{"name":"wp","href":"https:\/\/api.w.org\/{rel}","templated":true}]}}