{"id":323,"date":"2017-10-02T13:17:42","date_gmt":"2017-10-02T10:17:42","guid":{"rendered":"https:\/\/glopas.com\/fi\/?page_id=323"},"modified":"2021-01-18T13:11:15","modified_gmt":"2021-01-18T11:11:15","slug":"tietosuoja","status":"publish","type":"page","link":"https:\/\/glopas.com\/fi\/tietosuoja\/","title":{"rendered":"Tietosuoja"},"content":{"rendered":"<p><strong>Tietosuojak\u00e4yt\u00e4nt\u00f6 lyhyesti opastusten kuuntelua varten Glopas-\u00e4\u00e4niopastussovelluksessa<\/strong><\/p>\n<p>Glopas-sovellusta voi k\u00e4ytt\u00e4\u00e4 anonyymisti opastusten kuunteluun. Sovellus tarvitsee\u00a0luvan k\u00e4ytt\u00e4\u00e4 <u>sijaintitietoa opastuskohteiden paikannusta varten<\/u>. Anonyymin k\u00e4ytt\u00e4j\u00e4n sijainti ei yksil\u00f6idy, sit\u00e4 ei jaeta muille k\u00e4ytt\u00e4jille eik\u00e4 tallenneta.\u00a0Tiedon siirtoon k\u00e4ytet\u00e4\u00e4n salattua tietoliikenneyhteytt\u00e4.<\/p>\n<p><em>Puhelun tilan tunnistus<\/em> tarvitaan, jotta ohjelma voi keskeytt\u00e4\u00e4 tarinan puhelun ajaksi. Sovellus havaitsee, jos puhelimeen soitetaan.<\/p>\n<p>Toimittaja voi ker\u00e4t\u00e4 k\u00e4ytt\u00e4jilt\u00e4\u00e4n muuta kuin henkil\u00f6tiedoksi luokiteltavaa tietoa kuten k\u00e4vij\u00e4- ja latausm\u00e4\u00e4ri\u00e4 tai virheraportteja, jotka ovat tarpeellisia sovelluksen k\u00e4yt\u00f6n seurannan ja ohjelmiston kehitysty\u00f6n kannalta.<\/p>\n<p><strong>Sis\u00e4ll\u00f6ntuottajan tietosuojak\u00e4yt\u00e4nt\u00f6 Glopas-\u00e4\u00e4niopastussovelluksessa<\/strong><\/p>\n<p>Opastuskokoelman haltijalle on sopimuksen liitteess\u00e4 erillinen ohje sis\u00e4ll\u00f6n tietosuojasta ja immateriaali-oikeuksista.<\/p>\n<p><em>Sis\u00e4ll\u00f6ntuottajalta<\/em> ohjelma kysyy rekister\u00f6idytt\u00e4ess\u00e4 k\u00e4ytt\u00f6luvan paikannuksen lis\u00e4ksi mikrofoniin (\u00e4\u00e4nitys) ja lukuoikeuden yleisiin mediatiedostoihin (kuva, \u00e4\u00e4ni, video).<\/p>\n<p>Opastuskokoelman sis\u00e4ll\u00f6st\u00e4 vastaa sen tuottaja. Sis\u00e4lt\u00f6\u00f6n liittyv\u00e4t huomaukset ja kysymykset pyyd\u00e4mme l\u00e4hett\u00e4m\u00e4\u00e4n kokoelman haltijalle (kokoelman valinta \/ s\u00e4hk\u00f6posti).<\/p>\n<h2><strong>Tietosuojaseloste Glopas Communications Oy:n asiakkaille<\/strong><\/h2>\n<p>T\u00e4m\u00e4 Tietosuojaseloste (j\u00e4ljemp\u00e4n\u00e4 \u201dSeloste\u201d) kertoo, kuinka Glopas Communications Oy ker\u00e4\u00e4 ja k\u00e4sittelee henkil\u00f6tietoja asiakassuhteen hoitamisen, palvelujen ja verkkosivun yhteydess\u00e4 sek\u00e4 toiminnassaan eri sidosryhmien kanssa.\u00a0Asiakkaalla tarkoitetaan t\u00e4ss\u00e4 selosteessa Glopas-sovellukseen sis\u00e4ll\u00f6ntuotannon oikeuden ostanutta asiakasyrityst\u00e4 ja sen edustajia.<\/p>\n<p>Loppuk\u00e4ytt\u00e4jien, Glopas-sovelluksesta opastuksia kuuntelevan k\u00e4ytt\u00e4j\u00e4n tietoja ei rekister\u00f6id\u00e4. Glopasta voi k\u00e4ytt\u00e4\u00e4 rekister\u00f6itym\u00e4tt\u00e4 anonyymisti, jolloin henkil\u00f6tietoja ei j\u00e4\u00e4 rekisteriin.<\/p>\n<h4>1. <strong>Rekisterinpit\u00e4j\u00e4<\/strong><\/h4>\n<p>Sovellettavan tietosuojalain mukainen rekisterinpit\u00e4j\u00e4 on Glopas Communications Oy (j\u00e4ljemp\u00e4n\u00e4, \u201dme\u201d, \u201dmeit\u00e4\u201d tai \u201dmeid\u00e4n\u201d). Glopas Communications Oy vastaa siit\u00e4, ett\u00e4 henkil\u00f6tietojasi k\u00e4sitell\u00e4\u00e4n t\u00e4t\u00e4 selostetta ja soveltuvia tietosuojalakeja noudattaen.<\/p>\n<p>Rekisterinpit\u00e4j\u00e4n yhteystiedot:<\/p>\n<p>Glopas Communications Oy<br \/>\nY-tunnus: 2790613-6<br \/>\nOsoite: Siuntionkatu 6-10, 00510 Helsinki<\/p>\n<p>Tietosuojasta vastaava henkil\u00f6:<br \/>\nAnu-Eveliina Mattila<br \/>\nS\u00e4hk\u00f6posti: etunimest\u00e4 ensimm\u00e4inen (at)glopas.com<\/p>\n<h4>2. Henkil\u00f6tietojen ker\u00e4\u00e4minen<\/h4>\n<p>Ker\u00e4\u00e4mme ja k\u00e4sittelemme henkil\u00f6tietoja, jotka<\/p>\n<ul>\n<li>olet antanut meille, kun olet yhteydess\u00e4 meihin tai asioit kanssamme<\/li>\n<li>syntyv\u00e4t vierailun yhteydess\u00e4, esim. kun kirjaudut Glopas-sovellukseen sis\u00e4ll\u00f6ntuotannon teht\u00e4viss\u00e4<\/li>\n<li>saadaan muista l\u00e4hteist\u00e4, soveltuvien lakien sallimassa laajuudessa esim. Kaupparekisteri, Yritys- ja yhteis\u00f6tietoj\u00e4rjestelm\u00e4 tai omat nettisivunne<\/li>\n<\/ul>\n<p>Sinun ei ole pakko antaa meille henkil\u00f6tietojasi, mutta mik\u00e4li p\u00e4\u00e4t\u00e4t n\u00e4in, emme mahdollisesti pysty tarjoamaan palveluitamme asianmukaisella tavalla.<\/p>\n<p>Ker\u00e4\u00e4mme ja k\u00e4sittelemme seuraavia henkil\u00f6tietoryhmi\u00e4:<\/p>\n<p><strong>Asiakasrekisteritiedot:<\/strong><\/p>\n<p>sukunimi, etunimet, ty\u00f6nantajan postitusosoite, postinumero, postitoimipaikka, ty\u00f6puhelin, matkapuhelin ja ty\u00f6paikan s\u00e4hk\u00f6postiosoite.<\/p>\n<p>K\u00e4ytt\u00f6tarkoitus: Glopas-\u00e4\u00e4niopastuspalveluun liittyv\u00e4 viestint\u00e4 ja asiakassuhteen hoitaminen. Yhteydenotot ja niihin liittyv\u00e4 kirjeenvaihto sek\u00e4 sis\u00e4ll\u00f6ntuottajien oikeuksia koskevat kirjaukset ja laskutus.<\/p>\n<p><strong>Potentiaalisten asiakkaiden rekisteri:<\/strong><\/p>\n<p>K\u00e4ytt\u00f6tarkoitus: myynti ja markkinointi<\/p>\n<p><strong>Verkkosivumme k\u00e4yt\u00f6n yhteydess\u00e4 ker\u00e4tyt tiedot<\/strong><\/p>\n<p>Verkkosivumme tai sovelluksen k\u00e4yt\u00f6n yhteydess\u00e4 ker\u00e4tyt tiedot, esim. k\u00e4ytt\u00e4j\u00e4tunnukset, salasanat, tunnistamiseen liittyv\u00e4t tiedot, lokitiedot, ev\u00e4steiden tai samankaltaisten teknologioiden avulla verkkosivulta tai sovelluksesta ker\u00e4tyt tiedot (laitetunnus ja -tyyppi, k\u00e4ytt\u00f6j\u00e4rjestelm\u00e4 ja sovellusasetukset) ja muut tapauskohtaisesti m\u00e4\u00e4ritellyt tiedot antamasi suostumuksen perusteella.<\/p>\n<h4>3. Henkil\u00f6tietojen k\u00e4sittelyn tarkoitus ja oikeusperuste<\/h4>\n<p>Ker\u00e4\u00e4mme ja k\u00e4sittelemme vain henkil\u00f6tietoja, jotka ovat tarpeen toimintamme harjoittamista ja asiakassuhteen hoitamista varten.<\/p>\n<p>K\u00e4sittelemme henkil\u00f6tietoja ensisijaisesti asiakassuhteen hoitamista ja palvelumaksujen perint\u00e4\u00e4 varten.\u00a0Henkil\u00f6tietojen k\u00e4sittely perustuu sinun ja meid\u00e4n v\u00e4liseen asiakassuhteeseen (sopimus) ja potentiaalisten asiakkaiden kohdalla teht\u00e4v\u00e4n vastuualueeseen ty\u00f6nantajalla.<\/p>\n<h4>4. Sidosryhm\u00e4viestint\u00e4 sek\u00e4 markkinointi<\/h4>\n<p>Voimme olla sinuun yhteydess\u00e4 kertoaksemme sinulle toiminnastamme, kehitysmahdollisuuksista ja tarjotaksemme sinulle asiakassuhteeseen liittyvi\u00e4 palveluita. Voimme k\u00e4sitell\u00e4 sinun henkil\u00f6tietojasi (s\u00e4hk\u00f6postiosoite) my\u00f6s tutkimuksia ja mielipidekyselyit\u00e4 varten. Henkil\u00f6tietojen k\u00e4sittely perustuu meid\u00e4n oikeutettuun etuumme tarjota tietoa osana palvelua. Emme luovuta henkil\u00f6tietoja kolmansille osapuolille markkinointia tai muuta k\u00e4ytt\u00f6tarkoitusta varten, pois lukien palvelimet tietojen tallennustarkoituksessa.<\/p>\n<h4>5. Palvelun kehitt\u00e4minen, tietoturva ja sis\u00e4inen raportointi<\/h4>\n<p>K\u00e4sittelemme henkil\u00f6tietoja my\u00f6s huolehtiaksemme palveluidemme, verkkosivujemme ja sovelluksemme tietoturvasta, palvelun laadun parantamiseksi sek\u00e4 kehitt\u00e4miseksi. Sis\u00e4isi\u00e4 selvityksi\u00e4 varten kuten vianm\u00e4\u00e4ritys tai vahingossa poistettu \u00e4\u00e4nitiedosto, on sis\u00e4ll\u00f6ntuottajan tunniste tarkistettava virheen korjaamiseksi.<\/p>\n<h4>6. Lakien noudattaminen<\/h4>\n<p>Voimme k\u00e4sitell\u00e4 henkil\u00f6tietojasi lakis\u00e4\u00e4teisten velvoitteidemme t\u00e4ytt\u00e4miseksi esim. koskien kirjanpitoa tai toteuttaaksemme viranomaisten (esim. veroviranomainen) lakiin perustuvat tietopyynn\u00f6t.<\/p>\n<h4>7. Henkil\u00f6tietojen siirrot ja luovutukset<\/h4>\n<p>Henkil\u00f6tietoja ei luovuteta kolmansille osapuolille seuraavia poikkeuksia lukuun ottamatta:<\/p>\n<ul>\n<li>tietojen asianmukaiset tallennuspalvelimet (tietojen k\u00e4sittely)<\/li>\n<li>toimivaltaisen viranomaisen esitt\u00e4m\u00e4n tietopyynn\u00f6n toteuttaminen taikka tietojen luovuttaminen oikeudenk\u00e4yntimenettely\u00e4 varten;<\/li>\n<li>kun arvioimme, ett\u00e4 luovuttaminen on v\u00e4ltt\u00e4m\u00e4t\u00f6nt\u00e4 oikeuksiemme toteuttamiseksi, sinun tai muiden turvallisuuden suojelemiseksi, v\u00e4\u00e4rink\u00e4yt\u00f6sten tutkimiseksi tai viranomaisen pyynt\u00f6\u00f6n vastaamiseksi;<\/li>\n<li>sinun suostumuksellasi osapuolille, joita suostumus koskee, esimerkiksi Glopas-sovelluksen loppuk\u00e4ytt\u00e4j\u00e4lle sis\u00e4lt\u00f6\u00e4 koskevaa yhteydenottoa varten.<\/li>\n<\/ul>\n<p>Henkil\u00f6tietojen siirrot EU:n tai ETA-alueen ulkopuolelle<\/p>\n<p>Asiakasrekisterimme ja sovelluksen sis\u00e4ll\u00f6ntuottajarekisteri on tallennettu pilvipalveluihin, jotka ovat sitoutuneet Euroopan Unionin GDPR:n mukaiseen tietosuojaturvaan.<\/p>\n<h4>8. Ev\u00e4steet<\/h4>\n<p>Saatamme k\u00e4ytt\u00e4\u00e4 ev\u00e4steit\u00e4 ja muita samankaltaisia teknologioita verkkosivulla www.glopas.com\/fi.<\/p>\n<p>Ev\u00e4steet ovat pieni\u00e4 tekstitiedostoja, joita on sijoitettu laitteesi selaimeen hy\u00f6dyllisen tiedon ker\u00e4\u00e4mist\u00e4 ja muistamista varten, verkkosivumme toiminnallisuuden ja k\u00e4ytett\u00e4vyyden parantamiseksi.<\/p>\n<p>K\u00e4yt\u00e4mme verkkosivujemme k\u00e4vij\u00e4tilastointiin Google Analytics -j\u00e4rjestelm\u00e4\u00e4. Se k\u00e4ytt\u00e4\u00e4 ev\u00e4steit\u00e4 auttaakseen verkkopalvelua analysoimaan, kuinka k\u00e4ytt\u00e4j\u00e4t k\u00e4ytt\u00e4v\u00e4t verkkopalvelua. Ev\u00e4steen tiedot l\u00e4hetet\u00e4\u00e4n Googlen palvelimille voivat sijoittua EU-alueen ulkopuolelle. Google k\u00e4ytt\u00e4\u00e4 n\u00e4it\u00e4 tietoja sen arvioimiseen, kuinka k\u00e4yt\u00e4t verkkosivustoa, verkkosivuston aktiivisuuden raportointiin sek\u00e4 muiden verkkosivuston aktiivisuuteen ja\u00a0internetin k\u00e4ytt\u00f6\u00f6n liittyvien palveluiden tarjoamiseen. Google voi my\u00f6s v\u00e4litt\u00e4\u00e4 n\u00e4it\u00e4 tietoja\u00a0kolmansille osapuolille, mik\u00e4li laki t\u00e4t\u00e4 vaatii tai kolmansille osapuolille, jotka k\u00e4sittelev\u00e4t tietoja Googlen puolesta. Google ei yhdist\u00e4 IP-osoitettasi mihink\u00e4\u00e4n muihin Googlen hallinnoimiin tietoihin. K\u00e4ytt\u00e4m\u00e4ll\u00e4 verkkosivustoa hyv\u00e4ksyt, ett\u00e4 Google k\u00e4sittelee sinua koskevia tietoja edell\u00e4 kuvatulla tavalla ja edell\u00e4 kuvattuihin tarkoituksiin.<\/p>\n<h4>9. Henkil\u00f6tietojen s\u00e4ilytt\u00e4minen<\/h4>\n<p>Henkil\u00f6tietoja s\u00e4ilytet\u00e4\u00e4n ainoastaan niin kauan kuin se on tarpeellista t\u00e4ss\u00e4 Selosteessa m\u00e4\u00e4riteltyjen k\u00e4ytt\u00f6tarkoitusten toteuttamiseksi.<\/p>\n<p>Henkil\u00f6tietoja s\u00e4ilytet\u00e4\u00e4n asiakassuhteen ajan. Henkil\u00f6tietoja voidaan s\u00e4ilytt\u00e4\u00e4 tarpeellisilta osin my\u00f6s asiakassuhteen p\u00e4\u00e4ttymisen j\u00e4lkeen soveltuvan lain sallimassa tai vaatimassa laajuudessa, esimerkiksi kirjanpitolakia noudattaen.<\/p>\n<p>Henkil\u00f6tiedot poistetaan, kun niiden s\u00e4ilytt\u00e4minen ei en\u00e4\u00e4 ole tarpeen lain tai kummankaan osapuolen oikeuksien tai velvollisuuksien toteuttamiseksi.<\/p>\n<h4>10. Sinun oikeutesi<\/h4>\n<p>Sinulla on oikeus tarkastaa henkil\u00f6tietosi. Voit milloin tahansa my\u00f6s pyyt\u00e4\u00e4 henkil\u00f6tietojesi oikaisemista, p\u00e4ivitt\u00e4mist\u00e4 tai poistamista. Huomaa kuitenkin, ett\u00e4 sellaisia henkil\u00f6tietoja, jotka ovat v\u00e4ltt\u00e4m\u00e4tt\u00f6mi\u00e4 t\u00e4ss\u00e4 Selosteessa m\u00e4\u00e4riteltyjen k\u00e4ytt\u00f6tarkoitusten toteuttamiseksi, tai joiden s\u00e4ilytt\u00e4mist\u00e4 laki edellytt\u00e4\u00e4, ei voida poistaa.<\/p>\n<p>Sinulla on oikeus vastustaa tai rajoittaa henkil\u00f6tietojesi k\u00e4sittely\u00e4 sovellettavan lain edellytt\u00e4m\u00e4ss\u00e4 laajuudessa.<\/p>\n<p>K\u00e4sitelless\u00e4mme henkil\u00f6tietojasi suostumuksen perusteella sinulla on oikeus milloin tahansa peruuttaa antamasi suostumus. Emme sen j\u00e4lkeen k\u00e4sittele henkil\u00f6tietoja, ellei k\u00e4sittelyyn ole olemassa muuta oikeusperustetta.<\/p>\n<p>Voit k\u00e4ytt\u00e4\u00e4 oikeuksiasi l\u00e4hett\u00e4m\u00e4ll\u00e4 pyynn\u00f6n meille tietosuojasta vastaavalle henkil\u00f6lle, osoite kohdassa 1. Rekisterinpit\u00e4j\u00e4.<\/p>\n<p>Mik\u00e4li koet, ett\u00e4 henkil\u00f6tietojesi k\u00e4sittely ei ole asianmukaista, sinulla on oikeus k\u00e4\u00e4nty\u00e4 asiassa tietosuojavaltuutetun puoleen. L\u00f6yd\u00e4t tietosuojavaltuutetun yhteystiedot tietosuojavaltuutetun verkkosivuilta: http:\/\/www.tietosuoja.fi\/fi\/index.html.<\/p>\n<h4>11. Tietoturva<\/h4>\n<p>Toteutamme tarkoituksenmukaiset toimenpiteet (mukaan lukien fyysiset, digitaaliset ja hallinnolliset toimet) henkil\u00f6tietojen suojaamiseksi h\u00e4vi\u00e4miselt\u00e4, tuhoutumiselta, v\u00e4\u00e4rink\u00e4yt\u00f6ksilt\u00e4 ja luvattomalta p\u00e4\u00e4sylt\u00e4 tai luovuttamiselta. Esimerkkin\u00e4 mainittakoon, ett\u00e4 henkil\u00f6tietoihin on p\u00e4\u00e4sy vain henkil\u00f6ill\u00e4, jotka tarvitsevat niit\u00e4 ty\u00f6teht\u00e4viens\u00e4 hoitamiseksi. Teht\u00e4viens\u00e4 puitteissa sovelluksen ohjelmiston haltijalla on p\u00e4\u00e4sy sis\u00e4ll\u00f6ntuottajien s\u00e4hk\u00f6postirekisteriin.<\/p>\n<p>Tarkoituksenmukaisetkaan toimenpiteet eiv\u00e4t voi est\u00e4\u00e4 kaikkia mahdollisia tietoturvaloukkauksia. Teemme kaikkemme, ett\u00e4 tietosi pysyv\u00e4t turvassa. Henkil\u00f6tietojen tietoturvaloukkaustilanteissa ilmoitamme sinulle asiasta soveltuvien lakien mukaisesti.<\/p>\n<h4>12. Selosteen muuttaminen<\/h4>\n<p>Meill\u00e4 on oikeus muuttaa t\u00e4t\u00e4 Selostetta. Ilmoitamme muutoksista s\u00e4hk\u00f6postitse.<\/p>\n<h4>13. Ota yhteytt\u00e4<\/h4>\n<p>Voit kysy\u00e4 t\u00e4st\u00e4 Selosteesta tai tarkempia tietoja henkil\u00f6tietojesi k\u00e4sittelyst\u00e4 ottamalla meihin yhteytt\u00e4 s\u00e4hk\u00f6postitse tietosuojasta vastaavalle henkil\u00f6lle, osoite kohdassa 1. Rekisterinpit\u00e4j\u00e4.<\/p>\n<p>Pyyd\u00e4mme ilmoittamaan, mik\u00e4li havaitset puutteita tietoturvassa tai k\u00e4ytt\u00f6oikeuksien v\u00e4\u00e4rink\u00e4ytt\u00f6\u00e4.<\/p>\n","protected":false},"excerpt":{"rendered":"<p>Tietosuojak\u00e4yt\u00e4nt\u00f6 lyhyesti opastusten kuuntelua varten Glopas-\u00e4\u00e4niopastussovelluksessa Glopas-sovellusta voi k\u00e4ytt\u00e4\u00e4 anonyymisti opastusten kuunteluun. Sovellus tarvitsee\u00a0luvan k\u00e4ytt\u00e4\u00e4 sijaintitietoa opastuskohteiden paikannusta varten. Anonyymin k\u00e4ytt\u00e4j\u00e4n sijainti ei yksil\u00f6idy, sit\u00e4 ei jaeta muille k\u00e4ytt\u00e4jille eik\u00e4 tallenneta.\u00a0Tiedon siirtoon k\u00e4ytet\u00e4\u00e4n salattua tietoliikenneyhteytt\u00e4. Puhelun tilan tunnistus tarvitaan, jotta ohjelma voi keskeytt\u00e4\u00e4 tarinan puhelun ajaksi. Sovellus havaitsee, jos puhelimeen soitetaan. Toimittaja voi ker\u00e4t\u00e4 k\u00e4ytt\u00e4jilt\u00e4\u00e4n muuta kuin henkil\u00f6tiedoksi luokiteltavaa tietoa kuten k\u00e4vij\u00e4- ja latausm\u00e4\u00e4ri\u00e4 tai virheraportteja, jotka ovat tarpeellisia sovelluksen k\u00e4yt\u00f6n seurannan ja ohjelmiston kehitysty\u00f6n kannalta. Sis\u00e4ll\u00f6ntuottajan tietosuojak\u00e4yt\u00e4nt\u00f6 Glopas-\u00e4\u00e4niopastussovelluksessa Opastuskokoelman haltijalle on sopimuksen liitteess\u00e4 erillinen ohje sis\u00e4ll\u00f6n tietosuojasta ja immateriaali-oikeuksista. Sis\u00e4ll\u00f6ntuottajalta ohjelma kysyy rekister\u00f6idytt\u00e4ess\u00e4 k\u00e4ytt\u00f6luvan paikannuksen lis\u00e4ksi mikrofoniin (\u00e4\u00e4nitys) ja [&hellip;]<\/p>\n","protected":false},"author":2,"featured_media":0,"parent":0,"menu_order":0,"comment_status":"closed","ping_status":"closed","template":"","meta":{"_mi_skip_tracking":false,"_exactmetrics_sitenote_active":false,"_exactmetrics_sitenote_note":"","_exactmetrics_sitenote_category":0,"footnotes":""},"class_list":["post-323","page","type-page","status-publish","hentry"],"_links":{"self":[{"href":"https:\/\/glopas.com\/fi\/wp-json\/wp\/v2\/pages\/323","targetHints":{"allow":["GET"]}}],"collection":[{"href":"https:\/\/glopas.com\/fi\/wp-json\/wp\/v2\/pages"}],"about":[{"href":"https:\/\/glopas.com\/fi\/wp-json\/wp\/v2\/types\/page"}],"author":[{"embeddable":true,"href":"https:\/\/glopas.com\/fi\/wp-json\/wp\/v2\/users\/2"}],"replies":[{"embeddable":true,"href":"https:\/\/glopas.com\/fi\/wp-json\/wp\/v2\/comments?post=323"}],"version-history":[{"count":2,"href":"https:\/\/glopas.com\/fi\/wp-json\/wp\/v2\/pages\/323\/revisions"}],"predecessor-version":[{"id":498,"href":"https:\/\/glopas.com\/fi\/wp-json\/wp\/v2\/pages\/323\/revisions\/498"}],"wp:attachment":[{"href":"https:\/\/glopas.com\/fi\/wp-json\/wp\/v2\/media?parent=323"}],"curies":[{"name":"wp","href":"https:\/\/api.w.org\/{rel}","templated":true}]}}