{"id":2,"date":"2016-05-25T00:41:46","date_gmt":"2016-05-24T21:41:46","guid":{"rendered":"https:\/\/glopas.com\/fi\/?page_id=2"},"modified":"2023-08-09T18:38:26","modified_gmt":"2023-08-09T15:38:26","slug":"yritys","status":"publish","type":"page","link":"https:\/\/glopas.com\/fi\/etusivu\/yritys\/","title":{"rendered":"Yritys"},"content":{"rendered":"<p><strong>Glopas <\/strong>suomalainen mobiilisovellus, joka on suunniteltu \u00e4\u00e4niopastusk\u00e4ytt\u00f6\u00e4 varten ulkoilmakohteissa niin kaupungeissa kuin luonto- ja vesist\u00f6reiteill\u00e4. Suunnittelussa on huomioitu digitaalisen \u00e4\u00e4niopastuksen erityispiirteet ja haasteet. \u00c4\u00e4niopastusten tekeminen ja hallinta onnistuu samalla Android-sovelluksella ja sis\u00e4lt\u00f6jen hallinta on helppoa niin paikan p\u00e4\u00e4ll\u00e4 kuin et\u00e4n\u00e4.<\/p>\n<p>Autamme kaupunkeja, organisaatioita ja muita ulkoilmakohteita kertomaan l\u00e4hiymp\u00e4rist\u00f6n n\u00e4ht\u00e4vyyksist\u00e4, reiteist\u00e4 ja tarinoista.<\/p>\n<p>Voit k\u00e4ytt\u00e4\u00e4 alla olevaa yhteydenottolomakettamme tarjouspyynt\u00f6\u00e4 varten tai palautteen antamiseen !<\/p>\n<p><img decoding=\"async\" class=\"size-full wp-image-275 alignleft\" src=\"https:\/\/glopas.com\/fi\/wp-content\/uploads\/2016\/05\/a-e-IN-e1482145604433.jpg\" alt=\"\" width=\"125\" height=\"125\" \/><\/p>\n<\/p>\n\n\n<p><\/p>\n\n\n\n<p>Yst\u00e4v\u00e4llisin terveisin<\/p>\n\n\n\n<p>Anu-Eveliina Mattila<\/p>\n\n\n\n<p>Glopas Communications<br>Email: anu@glopas.com<br>Tel. +358 50 555 6183<\/p>\n\n\n\n<p><\/p>\n","protected":false},"excerpt":{"rendered":"<p>Glopas suomalainen mobiilisovellus, joka on suunniteltu \u00e4\u00e4niopastusk\u00e4ytt\u00f6\u00e4 varten ulkoilmakohteissa niin kaupungeissa kuin luonto- ja vesist\u00f6reiteill\u00e4. Suunnittelussa on huomioitu digitaalisen \u00e4\u00e4niopastuksen erityispiirteet ja haasteet. \u00c4\u00e4niopastusten tekeminen ja hallinta onnistuu samalla Android-sovelluksella ja sis\u00e4lt\u00f6jen hallinta on helppoa niin paikan p\u00e4\u00e4ll\u00e4 kuin et\u00e4n\u00e4. Autamme kaupunkeja, organisaatioita ja muita ulkoilmakohteita kertomaan l\u00e4hiymp\u00e4rist\u00f6n n\u00e4ht\u00e4vyyksist\u00e4, reiteist\u00e4 ja tarinoista. Voit k\u00e4ytt\u00e4\u00e4 alla olevaa yhteydenottolomakettamme tarjouspyynt\u00f6\u00e4 varten tai palautteen antamiseen ! Yst\u00e4v\u00e4llisin terveisin Anu-Eveliina Mattila Glopas CommunicationsEmail: anu@glopas.comTel. +358 50 555 6183<\/p>\n","protected":false},"author":2,"featured_media":0,"parent":136,"menu_order":0,"comment_status":"closed","ping_status":"closed","template":"","meta":{"_mi_skip_tracking":false,"_exactmetrics_sitenote_active":false,"_exactmetrics_sitenote_note":"","_exactmetrics_sitenote_category":0,"footnotes":""},"class_list":["post-2","page","type-page","status-publish","hentry"],"_links":{"self":[{"href":"https:\/\/glopas.com\/fi\/wp-json\/wp\/v2\/pages\/2","targetHints":{"allow":["GET"]}}],"collection":[{"href":"https:\/\/glopas.com\/fi\/wp-json\/wp\/v2\/pages"}],"about":[{"href":"https:\/\/glopas.com\/fi\/wp-json\/wp\/v2\/types\/page"}],"author":[{"embeddable":true,"href":"https:\/\/glopas.com\/fi\/wp-json\/wp\/v2\/users\/2"}],"replies":[{"embeddable":true,"href":"https:\/\/glopas.com\/fi\/wp-json\/wp\/v2\/comments?post=2"}],"version-history":[{"count":18,"href":"https:\/\/glopas.com\/fi\/wp-json\/wp\/v2\/pages\/2\/revisions"}],"predecessor-version":[{"id":569,"href":"https:\/\/glopas.com\/fi\/wp-json\/wp\/v2\/pages\/2\/revisions\/569"}],"up":[{"embeddable":true,"href":"https:\/\/glopas.com\/fi\/wp-json\/wp\/v2\/pages\/136"}],"wp:attachment":[{"href":"https:\/\/glopas.com\/fi\/wp-json\/wp\/v2\/media?parent=2"}],"curies":[{"name":"wp","href":"https:\/\/api.w.org\/{rel}","templated":true}]}}