{"id":136,"date":"2016-05-26T12:47:53","date_gmt":"2016-05-26T09:47:53","guid":{"rendered":"https:\/\/glopas.com\/fi\/?page_id=136"},"modified":"2023-08-09T18:29:18","modified_gmt":"2023-08-09T15:29:18","slug":"etusivu","status":"publish","type":"page","link":"https:\/\/glopas.com\/fi\/","title":{"rendered":"Etusivu"},"content":{"rendered":"\t\t<div data-elementor-type=\"wp-page\" data-elementor-id=\"136\" class=\"elementor elementor-136\">\n\t\t\t\t\t\t<section class=\"elementor-section elementor-top-section elementor-element elementor-element-79307ed elementor-section-full_width elementor-section-height-default elementor-section-height-default\" data-id=\"79307ed\" data-element_type=\"section\">\n\t\t\t\t\t\t<div class=\"elementor-container elementor-column-gap-default\">\n\t\t\t\t\t<div class=\"elementor-column elementor-col-100 elementor-top-column elementor-element elementor-element-f893e9f\" data-id=\"f893e9f\" data-element_type=\"column\">\n\t\t\t<div class=\"elementor-widget-wrap elementor-element-populated\">\n\t\t\t\t\t\t<div class=\"elementor-element elementor-element-242c67a elementor-widget elementor-widget-hero_layout_3\" data-id=\"242c67a\" data-element_type=\"widget\" data-widget_type=\"hero_layout_3.default\">\n\t\t\t\t<div class=\"elementor-widget-container\">\n\t\t\t\t\t<section class=\"hero-layout-3 section parallax-background section-inverse-color\" data-stellar-background-ratio=\"0.4\" style=\"background-image: url(https:\/\/glopas.com\/fi\/wp-content\/uploads\/2016\/12\/GP_main_1600x1067px_toned.jpg);\" >\r\n\t\r\n\t\t\r\n\t<div class=\"normal-overlay\"><\/div>\r\n    <div class=\"container\">\r\n    \t<div class=\"hero-content\">\r\n\t\t\t<!-- HERO TEXT -->\r\n            <div class=\"hero-text wow fadeIn\" data-wow-duration=\"1s\" data-wow-delay=\"0.5s\">\r\n\t\t\t\t                <!-- LOGO -->\r\n                <img decoding=\"async\" src=\"https:\/\/glopas.com\/fi\/wp-content\/uploads\/2016\/12\/GP2valkoinenlogo.png\" alt=\"Logo\" class=\"hero-logo\" style=\"width:216px !important; height:61px !important;\" \/>\r\n\t\t\t\t                <!-- TAGLINE -->\r\n                <h1 class=\"hero-title\">Paikkasidonnainen \u00e4\u00e4niopas<\/h1>\r\n\t\t\t\t                <!-- HERO DESCRIPTION -->\r\n                <p class=\"hero-description\">Glopas-\u00e4\u00e4niopas kertoo sinulle kaupunkiymp\u00e4rist\u00f6n, n\u00e4ht\u00e4vyyksien ja muiden kiinnostavien kohteiden paikkasidonnaiset tarinat automaattisesti kohdetta l\u00e4hestyess\u00e4si. Voit liikkua ja nauttia vierailustasi vapaasti omassa tahdissa. Sis\u00e4ll\u00f6ntuottajat voivat helposti jakaa tarinat ja rikastuttaa vierailijan kokemusta. <\/p>\r\n\t\t\t\t                <!-- DOWNLOAD BUTTONS -->\r\n                <p class=\"download-buttons\">\r\n                    \t\t\t\t\t\r\n\t\t\t\t\t\t\t\t\t\t\t\t\t<a href=\"https:\/\/itunes.apple.com\/us\/app\/glopas\/id1237325095?mt=8\"  >\r\n\t\t\t\t\t\t\t\t\t<img decoding=\"async\" src=\"https:\/\/glopas.com\/fi\/wp-content\/uploads\/2017\/10\/App-storen1.png\" class=\"link_images\" alt=\"\" \/>\r\n\t\t\t\t\t\t\t\t<\/a>\r\n\t\t\t\t\t\t\t\t\t\t\t\t\t<a href=\"https:\/\/play.google.com\/store\/apps\/details?id=com.glopas.rec&#038;hl=fi\"  >\r\n\t\t\t\t\t\t\t\t\t<img decoding=\"async\" src=\"https:\/\/glopas.com\/fi\/wp-content\/uploads\/2017\/10\/Google-n1.png\" class=\"link_images\" alt=\"\" \/>\r\n\t\t\t\t\t\t\t\t<\/a>\r\n\t\t\t\t\t                <\/p>\r\n\t\t\t\t            <\/div>\r\n            <!-- HERO IMAGES -->\r\n            <div class=\"hero-images\">\r\n\t\t\t\r\n                            <img decoding=\"async\" src=\"https:\/\/glopas.com\/fi\/wp-content\/uploads\/2017\/02\/new.png\" class=\"hero-image phone-image-double phone-image-left wow fadeInRight\" alt=\"\" data-wow-duration=\"1s\" data-wow-delay=\"0.5s\" \/>\r\n\t\t\t                <img decoding=\"async\" src=\"https:\/\/glopas.com\/fi\/wp-content\/uploads\/2016\/11\/glopas-phone.png\" class=\"hero-image phone-image-double phone-image-right phone-image-front wow fadeInRight\" alt=\"\" data-wow-duration=\"1s\" data-wow-delay=\"1.5s\" \/>\r\n\t\t\t            <\/div>\t\t\r\n\t\t<\/div>\r\n\t<\/div>\r\n<\/section>\t\t\t\t<\/div>\n\t\t\t\t<\/div>\n\t\t\t\t\t<\/div>\n\t\t<\/div>\n\t\t\t\t\t<\/div>\n\t\t<\/section>\n\t\t\t\t<section class=\"elementor-section elementor-top-section elementor-element elementor-element-391b68f elementor-section-full_width elementor-section-height-default elementor-section-height-default\" data-id=\"391b68f\" data-element_type=\"section\">\n\t\t\t\t\t\t<div class=\"elementor-container elementor-column-gap-default\">\n\t\t\t\t\t<div class=\"elementor-column elementor-col-100 elementor-top-column elementor-element elementor-element-7ada221\" data-id=\"7ada221\" data-element_type=\"column\">\n\t\t\t<div class=\"elementor-widget-wrap elementor-element-populated\">\n\t\t\t\t\t\t<div class=\"elementor-element elementor-element-c1ed5d9 elementor-widget elementor-widget-video_section\" data-id=\"c1ed5d9\" data-element_type=\"widget\" data-widget_type=\"video_section.default\">\n\t\t\t\t<div class=\"elementor-widget-container\">\n\t\t\t\t\t<section class=\"video-section section parallax-background\" data-stellar-background-ratio=\"0.4\" style=\"background-image: url();\">\r\n\t    <div class=\"container\">\r\n\r\n        <div class=\"row\">\r\n            <div class=\"col-md-10 col-md-offset-1\" style=\"border:0px !important;\">\r\n\r\n                <div class=\"video-embed wow fadeIn\" data-wow-duration=\"1s\">\r\n\t\t\t\t\r\n\t\t\t\t                    <iframe src=\"https:\/\/player.vimeo.com\/video\/199825764?title=0&amp;byline=0&amp;portrait=0&amp;color=3da127\" width=\"500\" height=\"281\" allowfullscreen ><\/iframe>\r\n\t\t\t\t\t\r\n\t\t\t\t\r\n                <\/div>\r\n            <\/div>\r\n        <\/div>\r\n\r\n    <\/div>\r\n<\/section>\r\n\t\t\t\t<\/div>\n\t\t\t\t<\/div>\n\t\t\t\t\t<\/div>\n\t\t<\/div>\n\t\t\t\t\t<\/div>\n\t\t<\/section>\n\t\t\t\t<section class=\"elementor-section elementor-top-section elementor-element elementor-element-4b673f7 elementor-section-full_width elementor-section-height-default elementor-section-height-default\" data-id=\"4b673f7\" data-element_type=\"section\">\n\t\t\t\t\t\t<div class=\"elementor-container elementor-column-gap-default\">\n\t\t\t\t\t<div class=\"elementor-column elementor-col-100 elementor-top-column elementor-element elementor-element-13e0fcb\" data-id=\"13e0fcb\" data-element_type=\"column\">\n\t\t\t<div class=\"elementor-widget-wrap elementor-element-populated\">\n\t\t\t\t\t\t<div class=\"elementor-element elementor-element-0f086cb elementor-widget elementor-widget-long_description\" data-id=\"0f086cb\" data-element_type=\"widget\" data-widget_type=\"long_description.default\">\n\t\t\t\t<div class=\"elementor-widget-container\">\n\t\t\t\t\t\r\n<!--\r\n=================================\r\nDESCRIPTION SECTION\r\n=================================\r\n-->\r\n<section class=\"description-section section\">\r\n    <div class=\"container\">\r\n        <div class=\"row\">\r\n            <div class=\"col-md-7\">\r\n            \t                <!-- SECTION HEADING -->\r\n                <h2 class=\"section-heading wow fadeIn\" data-wow-duration=\"1s\">\r\n                    Glopas saa tarinat ja tiedot kuulumaan                 <\/h2>\r\n                                <p class=\"wow fadeIn\" data-wow-duration=\"1s\">\r\n                    Glopas on digitaalinen alusta tarinoille ja henkil\u00f6kohtainen matkaoppaasi vieraillessasi kiinnostavissa paikoissa. Se k\u00e4ynnistyy kohdetta l\u00e4hestyess\u00e4si. \u00c4\u00e4niopastuksia tekev\u00e4t luotettavat tahot, kuten kaupunkien matkailutoimistot, puistot tai tapahtumaj\u00e4rjest\u00e4j\u00e4t. Mik\u00e4li edustat sellaista organisaatiota tai olet esimerkiksi majoittaja ja haluat myyd\u00e4 digitaalisen opastuksen l\u00e4hiymp\u00e4rist\u00f6\u00f6n, ota ihmeess\u00e4 yhteytt\u00e4 meihin!  \r\n                <\/p>\r\n\t\t\t\t                <!-- ICON LIST -->\r\n                <ul class=\"list-with-icons wow fadeIn\" data-wow-duration=\"1s\">\r\n\t\t\t\t<li><i class=\"icon-playlist\"><\/i>Rajoittamaton m\u00e4\u00e4r\u00e4 kieliversioita<\/li><li><i class=\"icon-microphone\"><\/i>Nopea ja helppo sis\u00e4ll\u00f6nhallinta mobiilisovelluksessa<\/li><li><i class=\"icon-earphones\"><\/i>Voidaan k\u00e4ytt\u00e4\u00e4 ilman mobiilidataverkkoa<\/li><li><i class=\"icon-globe\"><\/i>K\u00e4ynnistyy automaattisesti kohdetta l\u00e4hestyess\u00e4si<\/li><li><i class=\"icon-heart\"><\/i>K\u00e4vele, py\u00f6r\u00e4ile, aja autolla tai purjehdi - Glopas sopeutuu nopeuteesi <\/li>                <\/ul>\r\n\r\n            <\/div>\r\n\t\t\t            <!-- PHONE IMAGE -->\r\n            <div class=\"col-md-5 text-center\">\r\n\t\t\t\t                <img decoding=\"async\" src=\"https:\/\/glopas.com\/fi\/wp-content\/uploads\/2016\/12\/Valkoinen_kanny2.png\" class=\"description-image phone-image-double phone-image-left wow fadeInRight\" alt=\"\" data-wow-duration=\"1s\" data-wow-delay=\"0.5s\" \/>\r\n                                <img decoding=\"async\" src=\"https:\/\/glopas.com\/fi\/wp-content\/uploads\/2016\/12\/Glopas_9.png\" class=\"description-image phone-image-double phone-image-right phone-image-front wow fadeInRight\" alt=\"\" data-wow-duration=\"1s\" data-wow-delay=\"1.5s\" \/>\r\n\t\t\t\t            <\/div>\r\n                    <\/div>\r\n\r\n    <\/div>\r\n<\/section>\t\t\t\t<\/div>\n\t\t\t\t<\/div>\n\t\t\t\t\t<\/div>\n\t\t<\/div>\n\t\t\t\t\t<\/div>\n\t\t<\/section>\n\t\t\t\t<\/div>\n\t\t","protected":false},"excerpt":{"rendered":"<p>Paikkasidonnainen \u00e4\u00e4niopas Glopas-\u00e4\u00e4niopas kertoo sinulle kaupunkiymp\u00e4rist\u00f6n, n\u00e4ht\u00e4vyyksien ja muiden kiinnostavien kohteiden paikkasidonnaiset tarinat automaattisesti kohdetta l\u00e4hestyess\u00e4si. Voit liikkua ja nauttia vierailustasi vapaasti omassa tahdissa. Sis\u00e4ll\u00f6ntuottajat voivat helposti jakaa tarinat ja rikastuttaa vierailijan kokemusta. Glopas saa tarinat ja tiedot kuulumaan Glopas on digitaalinen alusta tarinoille ja henkil\u00f6kohtainen matkaoppaasi vieraillessasi kiinnostavissa paikoissa. Se k\u00e4ynnistyy kohdetta l\u00e4hestyess\u00e4si. \u00c4\u00e4niopastuksia tekev\u00e4t luotettavat tahot, kuten kaupunkien matkailutoimistot, puistot tai tapahtumaj\u00e4rjest\u00e4j\u00e4t. Mik\u00e4li edustat sellaista organisaatiota tai olet esimerkiksi majoittaja ja haluat myyd\u00e4 digitaalisen opastuksen l\u00e4hiymp\u00e4rist\u00f6\u00f6n, ota ihmeess\u00e4 yhteytt\u00e4 meihin! Rajoittamaton m\u00e4\u00e4r\u00e4 kieliversioita Nopea ja helppo sis\u00e4ll\u00f6nhallinta mobiilisovelluksessa Voidaan k\u00e4ytt\u00e4\u00e4 ilman mobiilidataverkkoa K\u00e4ynnistyy automaattisesti kohdetta l\u00e4hestyess\u00e4si K\u00e4vele, py\u00f6r\u00e4ile, [&hellip;]<\/p>\n","protected":false},"author":2,"featured_media":0,"parent":0,"menu_order":0,"comment_status":"closed","ping_status":"closed","template":"","meta":{"_mi_skip_tracking":false,"_exactmetrics_sitenote_active":false,"_exactmetrics_sitenote_note":"","_exactmetrics_sitenote_category":0,"footnotes":""},"class_list":["post-136","page","type-page","status-publish","hentry"],"_links":{"self":[{"href":"https:\/\/glopas.com\/fi\/wp-json\/wp\/v2\/pages\/136","targetHints":{"allow":["GET"]}}],"collection":[{"href":"https:\/\/glopas.com\/fi\/wp-json\/wp\/v2\/pages"}],"about":[{"href":"https:\/\/glopas.com\/fi\/wp-json\/wp\/v2\/types\/page"}],"author":[{"embeddable":true,"href":"https:\/\/glopas.com\/fi\/wp-json\/wp\/v2\/users\/2"}],"replies":[{"embeddable":true,"href":"https:\/\/glopas.com\/fi\/wp-json\/wp\/v2\/comments?post=136"}],"version-history":[{"count":7,"href":"https:\/\/glopas.com\/fi\/wp-json\/wp\/v2\/pages\/136\/revisions"}],"predecessor-version":[{"id":566,"href":"https:\/\/glopas.com\/fi\/wp-json\/wp\/v2\/pages\/136\/revisions\/566"}],"wp:attachment":[{"href":"https:\/\/glopas.com\/fi\/wp-json\/wp\/v2\/media?parent=136"}],"curies":[{"name":"wp","href":"https:\/\/api.w.org\/{rel}","templated":true}]}}